{"id":211,"date":"2024-08-28T06:33:48","date_gmt":"2024-08-28T06:33:48","guid":{"rendered":"https:\/\/arkmh.dk\/?page_id=211"},"modified":"2024-09-17T12:15:39","modified_gmt":"2024-09-17T12:15:39","slug":"gsbv","status":"publish","type":"page","link":"https:\/\/arkmh.dk\/index.php\/gsbv\/","title":{"rendered":"GSBV"},"content":{"rendered":"<section class=\"bde-section-211-111 bde-section\">\n  \n\t\n\n\n\n<div class=\"section-container\"><div class=\"bde-columns-211-112 bde-columns\"><div class=\"bde-column-211-113 bde-column\">\n  \n\t\n\n\n\n<div class=\"bde-code-block-211-157 bde-code-block\">\n\n  <a\n  data-pin-do=\"buttonBookmark\"\n  href=\"https:\/\/www.pinterest.com\/pin\/create\/button\/\"\n    data-pin-shape=\"round\"\n>\n<\/a>\n\n\n<\/div><div class=\"bde-rich-text-211-114 bde-rich-text breakdance-rich-text-styles\">\n<div class=\"info\"><h2>Gammel Stigsborgvej<\/h2><h1>N\u00f8rresundby 2016<\/h1><p>\u00a0<\/p><p><strong>Tilbygning til murermestervilla fra 1924<\/strong><\/p><\/div><div class=\"description\"><p>En charmerende murermestervilla fra 1924 er blevet beriget med en ny tilbygning, der elegant integrerer sig med husets oprindelige arkitektoniske stil. Ved at anvende materialer, der komplementerer det eksisterende byggeri, er den nye tilbygning blevet en naturlig del af villaens helhed.<\/p><p>Tilbygningen omfatter et nyt sovev\u00e6relse med tilh\u00f8rende garderobe, et funktionelt bryggers, et moderne badev\u00e6relse samt en lys havestue. Havestuen, der smukt smelter sammen med haven, fungerer b\u00e5de som et rekreativt rum og som et orangeri. Med tre store skyded\u00f8re, der \u00e5bner rummet op mod den omgivende natur, skabes en flydende overgang mellem inde og ude.<\/p><p>Tilbygningens moderne design fremh\u00e6ves af de store ovenlysvinduer i bryggerset, som fylder rummet med naturligt lys. Tilbygningen er derfor ikke blot en udvidelse, men ogs\u00e5 et centralt element, der bringer naturen t\u00e6ttere p\u00e5 og skaber en harmonisk sammenh\u00e6ng mellem boligen og haven.<\/p><\/div>\n<\/div>\n<\/div><div class=\"bde-column-211-115 bde-column\">\n  \n\t\n\n\n\n<div class=\"bde-image-211-116 bde-image\">\n<figure class=\"breakdance-image breakdance-image--402\">\n\t<div class=\"breakdance-image-container\">\n\t\t<div class=\"breakdance-image-clip\"><a class=\"breakdance-image-link breakdance-image-link--media\" href=\"https:\/\/arkmh.dk\/wp-content\/uploads\/2024\/09\/GSBV_3.jpg\" target=\"_self\" rel=\"noopener\" data-sub-html=\"\" data-lg-size=\"-\"><img loading=\"lazy\" decoding=\"async\" class=\"breakdance-image-object\" src=\"https:\/\/arkmh.dk\/wp-content\/uploads\/2024\/09\/GSBV_3.jpg\" width=\"2419\" height=\"1610\" srcset=\"https:\/\/arkmh.dk\/wp-content\/uploads\/2024\/09\/GSBV_3.jpg 2419w, https:\/\/arkmh.dk\/wp-content\/uploads\/2024\/09\/GSBV_3-300x200.jpg 300w, https:\/\/arkmh.dk\/wp-content\/uploads\/2024\/09\/GSBV_3-1024x682.jpg 1024w, https:\/\/arkmh.dk\/wp-content\/uploads\/2024\/09\/GSBV_3-768x511.jpg 768w, https:\/\/arkmh.dk\/wp-content\/uploads\/2024\/09\/GSBV_3-1536x1022.jpg 1536w, https:\/\/arkmh.dk\/wp-content\/uploads\/2024\/09\/GSBV_3-2048x1363.jpg 2048w\" sizes=\"auto, (max-width: 2419px) 100vw, 2419px\"><\/a><\/div>\n\t<\/div><\/figure>\n\n<\/div>\n<\/div><\/div><\/div>\n<\/section><section class=\"bde-section-211-117 bde-section\">\n  \n\t\n\n\n\n<div class=\"section-container\"><div class=\"bde-columns-211-118 bde-columns\"><div class=\"bde-column-211-119 bde-column\">\n  \n\t\n\n\n\n\n<\/div><div class=\"bde-column-211-120 bde-column\">\n  \n\t\n\n\n\n<div class=\"bde-image-211-121 bde-image\">\n<figure class=\"breakdance-image breakdance-image--401\">\n\t<div class=\"breakdance-image-container\">\n\t\t<div class=\"breakdance-image-clip\"><a class=\"breakdance-image-link breakdance-image-link--media\" href=\"https:\/\/arkmh.dk\/wp-content\/uploads\/2024\/09\/GSBV_2.jpg\" target=\"_self\" rel=\"noopener\" data-sub-html=\"\" data-lg-size=\"-\"><img loading=\"lazy\" decoding=\"async\" class=\"breakdance-image-object\" src=\"https:\/\/arkmh.dk\/wp-content\/uploads\/2024\/09\/GSBV_2.jpg\" width=\"2302\" height=\"1534\" srcset=\"https:\/\/arkmh.dk\/wp-content\/uploads\/2024\/09\/GSBV_2.jpg 2302w, https:\/\/arkmh.dk\/wp-content\/uploads\/2024\/09\/GSBV_2-300x200.jpg 300w, https:\/\/arkmh.dk\/wp-content\/uploads\/2024\/09\/GSBV_2-1024x682.jpg 1024w, https:\/\/arkmh.dk\/wp-content\/uploads\/2024\/09\/GSBV_2-768x512.jpg 768w, https:\/\/arkmh.dk\/wp-content\/uploads\/2024\/09\/GSBV_2-1536x1024.jpg 1536w, https:\/\/arkmh.dk\/wp-content\/uploads\/2024\/09\/GSBV_2-2048x1365.jpg 2048w\" sizes=\"auto, (max-width: 2302px) 100vw, 2302px\"><\/a><\/div>\n\t<\/div><\/figure>\n\n<\/div>\n<\/div><\/div><\/div>\n<\/section><section class=\"bde-section-211-122 bde-section\">\n  \n\t\n\n\n\n<div class=\"section-container\"><div class=\"bde-columns-211-123 bde-columns\"><div class=\"bde-column-211-124 bde-column\">\n  \n\t\n\n\n\n\n<\/div><div class=\"bde-column-211-125 bde-column\">\n  \n\t\n\n\n\n<div class=\"bde-image-211-126 bde-image\">\n<figure class=\"breakdance-image breakdance-image--412\">\n\t<div class=\"breakdance-image-container\">\n\t\t<div class=\"breakdance-image-clip\"><a class=\"breakdance-image-link breakdance-image-link--media\" href=\"https:\/\/arkmh.dk\/wp-content\/uploads\/2024\/09\/GSBV_13.jpg\" target=\"_self\" rel=\"noopener\" data-sub-html=\"\" data-lg-size=\"-\"><img loading=\"lazy\" decoding=\"async\" class=\"breakdance-image-object\" src=\"https:\/\/arkmh.dk\/wp-content\/uploads\/2024\/09\/GSBV_13.jpg\" width=\"1583\" height=\"2375\" srcset=\"https:\/\/arkmh.dk\/wp-content\/uploads\/2024\/09\/GSBV_13.jpg 1583w, https:\/\/arkmh.dk\/wp-content\/uploads\/2024\/09\/GSBV_13-200x300.jpg 200w, https:\/\/arkmh.dk\/wp-content\/uploads\/2024\/09\/GSBV_13-683x1024.jpg 683w, https:\/\/arkmh.dk\/wp-content\/uploads\/2024\/09\/GSBV_13-768x1152.jpg 768w, https:\/\/arkmh.dk\/wp-content\/uploads\/2024\/09\/GSBV_13-1024x1536.jpg 1024w, https:\/\/arkmh.dk\/wp-content\/uploads\/2024\/09\/GSBV_13-1365x2048.jpg 1365w\" sizes=\"auto, (max-width: 1583px) 100vw, 1583px\"><\/a><\/div>\n\t<\/div><\/figure>\n\n<\/div>\n<\/div><\/div><\/div>\n<\/section><section class=\"bde-section-211-127 bde-section\">\n  \n\t\n\n\n\n<div class=\"section-container\"><div class=\"bde-columns-211-128 bde-columns\"><div class=\"bde-column-211-129 bde-column\">\n  \n\t\n\n\n\n\n<\/div><div class=\"bde-column-211-130 bde-column\">\n  \n\t\n\n\n\n<div class=\"bde-image-211-131 bde-image\">\n<figure class=\"breakdance-image breakdance-image--411\">\n\t<div class=\"breakdance-image-container\">\n\t\t<div class=\"breakdance-image-clip\"><a class=\"breakdance-image-link breakdance-image-link--media\" href=\"https:\/\/arkmh.dk\/wp-content\/uploads\/2024\/09\/GSBV_12.jpg\" target=\"_self\" rel=\"noopener\" data-sub-html=\"\" data-lg-size=\"-\"><img loading=\"lazy\" decoding=\"async\" class=\"breakdance-image-object\" src=\"https:\/\/arkmh.dk\/wp-content\/uploads\/2024\/09\/GSBV_12.jpg\" width=\"1553\" height=\"2330\" srcset=\"https:\/\/arkmh.dk\/wp-content\/uploads\/2024\/09\/GSBV_12.jpg 1553w, https:\/\/arkmh.dk\/wp-content\/uploads\/2024\/09\/GSBV_12-200x300.jpg 200w, https:\/\/arkmh.dk\/wp-content\/uploads\/2024\/09\/GSBV_12-683x1024.jpg 683w, https:\/\/arkmh.dk\/wp-content\/uploads\/2024\/09\/GSBV_12-768x1152.jpg 768w, https:\/\/arkmh.dk\/wp-content\/uploads\/2024\/09\/GSBV_12-1024x1536.jpg 1024w, https:\/\/arkmh.dk\/wp-content\/uploads\/2024\/09\/GSBV_12-1365x2048.jpg 1365w\" sizes=\"auto, (max-width: 1553px) 100vw, 1553px\"><\/a><\/div>\n\t<\/div><\/figure>\n\n<\/div>\n<\/div><\/div><\/div>\n<\/section><section class=\"bde-section-211-132 bde-section\">\n  \n\t\n\n\n\n<div class=\"section-container\"><div class=\"bde-columns-211-133 bde-columns\"><div class=\"bde-column-211-134 bde-column\">\n  \n\t\n\n\n\n\n<\/div><div class=\"bde-column-211-135 bde-column\">\n  \n\t\n\n\n\n<div class=\"bde-image-211-136 bde-image\">\n<figure class=\"breakdance-image breakdance-image--414\">\n\t<div class=\"breakdance-image-container\">\n\t\t<div class=\"breakdance-image-clip\"><a class=\"breakdance-image-link breakdance-image-link--media\" href=\"https:\/\/arkmh.dk\/wp-content\/uploads\/2024\/09\/GSBV_1.jpg\" target=\"_self\" rel=\"noopener\" data-sub-html=\"\" data-lg-size=\"-\"><img loading=\"lazy\" decoding=\"async\" class=\"breakdance-image-object\" src=\"https:\/\/arkmh.dk\/wp-content\/uploads\/2024\/09\/GSBV_1.jpg\" width=\"2419\" height=\"1610\" srcset=\"https:\/\/arkmh.dk\/wp-content\/uploads\/2024\/09\/GSBV_1.jpg 2419w, https:\/\/arkmh.dk\/wp-content\/uploads\/2024\/09\/GSBV_1-300x200.jpg 300w, https:\/\/arkmh.dk\/wp-content\/uploads\/2024\/09\/GSBV_1-1024x682.jpg 1024w, https:\/\/arkmh.dk\/wp-content\/uploads\/2024\/09\/GSBV_1-768x511.jpg 768w, https:\/\/arkmh.dk\/wp-content\/uploads\/2024\/09\/GSBV_1-1536x1022.jpg 1536w, https:\/\/arkmh.dk\/wp-content\/uploads\/2024\/09\/GSBV_1-2048x1363.jpg 2048w\" sizes=\"auto, (max-width: 2419px) 100vw, 2419px\"><\/a><\/div>\n\t<\/div><\/figure>\n\n<\/div>\n<\/div><\/div><\/div>\n<\/section><section class=\"bde-section-211-137 bde-section\">\n  \n\t\n\n\n\n<div class=\"section-container\"><div class=\"bde-columns-211-138 bde-columns\"><div class=\"bde-column-211-139 bde-column\">\n  \n\t\n\n\n\n\n<\/div><div class=\"bde-column-211-140 bde-column\">\n  \n\t\n\n\n\n<div class=\"bde-image-211-141 bde-image\">\n<figure class=\"breakdance-image breakdance-image--410\">\n\t<div class=\"breakdance-image-container\">\n\t\t<div class=\"breakdance-image-clip\"><a class=\"breakdance-image-link breakdance-image-link--media\" href=\"https:\/\/arkmh.dk\/wp-content\/uploads\/2024\/09\/GSBV_11.jpg\" target=\"_self\" rel=\"noopener\" data-sub-html=\"\" data-lg-size=\"-\"><img loading=\"lazy\" decoding=\"async\" class=\"breakdance-image-object\" src=\"https:\/\/arkmh.dk\/wp-content\/uploads\/2024\/09\/GSBV_11.jpg\" width=\"1610\" height=\"2419\" srcset=\"https:\/\/arkmh.dk\/wp-content\/uploads\/2024\/09\/GSBV_11.jpg 1610w, https:\/\/arkmh.dk\/wp-content\/uploads\/2024\/09\/GSBV_11-200x300.jpg 200w, https:\/\/arkmh.dk\/wp-content\/uploads\/2024\/09\/GSBV_11-682x1024.jpg 682w, https:\/\/arkmh.dk\/wp-content\/uploads\/2024\/09\/GSBV_11-768x1154.jpg 768w, https:\/\/arkmh.dk\/wp-content\/uploads\/2024\/09\/GSBV_11-1022x1536.jpg 1022w, https:\/\/arkmh.dk\/wp-content\/uploads\/2024\/09\/GSBV_11-1363x2048.jpg 1363w\" sizes=\"auto, (max-width: 1610px) 100vw, 1610px\"><\/a><\/div>\n\t<\/div><\/figure>\n\n<\/div>\n<\/div><\/div><\/div>\n<\/section><section class=\"bde-section-211-142 bde-section\">\n  \n\t\n\n\n\n<div class=\"section-container\"><div class=\"bde-columns-211-143 bde-columns\"><div class=\"bde-column-211-144 bde-column\">\n  \n\t\n\n\n\n\n<\/div><div class=\"bde-column-211-145 bde-column\">\n  \n\t\n\n\n\n<div class=\"bde-image-211-146 bde-image\">\n<figure class=\"breakdance-image breakdance-image--413\">\n\t<div class=\"breakdance-image-container\">\n\t\t<div class=\"breakdance-image-clip\"><a class=\"breakdance-image-link breakdance-image-link--media\" href=\"https:\/\/arkmh.dk\/wp-content\/uploads\/2024\/09\/GSBV_14.jpg\" target=\"_self\" rel=\"noopener\" data-sub-html=\"\" data-lg-size=\"-\"><img loading=\"lazy\" decoding=\"async\" class=\"breakdance-image-object\" src=\"https:\/\/arkmh.dk\/wp-content\/uploads\/2024\/09\/GSBV_14.jpg\" width=\"2419\" height=\"1610\" srcset=\"https:\/\/arkmh.dk\/wp-content\/uploads\/2024\/09\/GSBV_14.jpg 2419w, https:\/\/arkmh.dk\/wp-content\/uploads\/2024\/09\/GSBV_14-300x200.jpg 300w, https:\/\/arkmh.dk\/wp-content\/uploads\/2024\/09\/GSBV_14-1024x682.jpg 1024w, https:\/\/arkmh.dk\/wp-content\/uploads\/2024\/09\/GSBV_14-768x511.jpg 768w, https:\/\/arkmh.dk\/wp-content\/uploads\/2024\/09\/GSBV_14-1536x1022.jpg 1536w, https:\/\/arkmh.dk\/wp-content\/uploads\/2024\/09\/GSBV_14-2048x1363.jpg 2048w\" sizes=\"auto, (max-width: 2419px) 100vw, 2419px\"><\/a><\/div>\n\t<\/div><\/figure>\n\n<\/div>\n<\/div><\/div><\/div>\n<\/section><section class=\"bde-section-211-147 bde-section\">\n  \n\t\n\n\n\n<div class=\"section-container\"><div class=\"bde-columns-211-148 bde-columns\"><div class=\"bde-column-211-149 bde-column\">\n  \n\t\n\n\n\n\n<\/div><div class=\"bde-column-211-150 bde-column\">\n  \n\t\n\n\n\n<div class=\"bde-image-211-151 bde-image\">\n<figure class=\"breakdance-image breakdance-image--408\">\n\t<div class=\"breakdance-image-container\">\n\t\t<div class=\"breakdance-image-clip\"><a class=\"breakdance-image-link breakdance-image-link--media\" href=\"https:\/\/arkmh.dk\/wp-content\/uploads\/2024\/09\/GSBV_9.jpg\" target=\"_self\" rel=\"noopener\" data-sub-html=\"\" data-lg-size=\"-\"><img loading=\"lazy\" decoding=\"async\" class=\"breakdance-image-object\" src=\"https:\/\/arkmh.dk\/wp-content\/uploads\/2024\/09\/GSBV_9.jpg\" width=\"2147\" height=\"1431\" srcset=\"https:\/\/arkmh.dk\/wp-content\/uploads\/2024\/09\/GSBV_9.jpg 2147w, https:\/\/arkmh.dk\/wp-content\/uploads\/2024\/09\/GSBV_9-300x200.jpg 300w, https:\/\/arkmh.dk\/wp-content\/uploads\/2024\/09\/GSBV_9-1024x683.jpg 1024w, https:\/\/arkmh.dk\/wp-content\/uploads\/2024\/09\/GSBV_9-768x512.jpg 768w, https:\/\/arkmh.dk\/wp-content\/uploads\/2024\/09\/GSBV_9-1536x1024.jpg 1536w, https:\/\/arkmh.dk\/wp-content\/uploads\/2024\/09\/GSBV_9-2048x1365.jpg 2048w\" sizes=\"auto, (max-width: 2147px) 100vw, 2147px\"><\/a><\/div>\n\t<\/div><\/figure>\n\n<\/div>\n<\/div><\/div><\/div>\n<\/section><section class=\"bde-section-211-152 bde-section\">\n  \n\t\n\n\n\n<div class=\"section-container\"><div class=\"bde-columns-211-153 bde-columns\"><div class=\"bde-column-211-154 bde-column\">\n  \n\t\n\n\n\n\n<\/div><div class=\"bde-column-211-155 bde-column\">\n  \n\t\n\n\n\n<div class=\"bde-image-211-156 bde-image\">\n<figure class=\"breakdance-image breakdance-image--406\">\n\t<div class=\"breakdance-image-container\">\n\t\t<div class=\"breakdance-image-clip\"><a class=\"breakdance-image-link breakdance-image-link--media\" href=\"https:\/\/arkmh.dk\/wp-content\/uploads\/2024\/09\/GSBV_7.jpg\" target=\"_self\" rel=\"noopener\" data-sub-html=\"\" data-lg-size=\"-\"><img loading=\"lazy\" decoding=\"async\" class=\"breakdance-image-object\" src=\"https:\/\/arkmh.dk\/wp-content\/uploads\/2024\/09\/GSBV_7.jpg\" width=\"2361\" height=\"1574\" srcset=\"https:\/\/arkmh.dk\/wp-content\/uploads\/2024\/09\/GSBV_7.jpg 2361w, https:\/\/arkmh.dk\/wp-content\/uploads\/2024\/09\/GSBV_7-300x200.jpg 300w, https:\/\/arkmh.dk\/wp-content\/uploads\/2024\/09\/GSBV_7-1024x683.jpg 1024w, https:\/\/arkmh.dk\/wp-content\/uploads\/2024\/09\/GSBV_7-768x512.jpg 768w, https:\/\/arkmh.dk\/wp-content\/uploads\/2024\/09\/GSBV_7-1536x1024.jpg 1536w, https:\/\/arkmh.dk\/wp-content\/uploads\/2024\/09\/GSBV_7-2048x1365.jpg 2048w\" sizes=\"auto, (max-width: 2361px) 100vw, 2361px\"><\/a><\/div>\n\t<\/div><\/figure>\n\n<\/div>\n<\/div><\/div><\/div>\n<\/section>","protected":false},"excerpt":{"rendered":"<p>Gammel StigsborgvejN\u00f8rresundby 2016\u00a0Tilbygning til murermestervilla fra 1924En charmerende murermestervilla fra 1924 er blevet beriget med en ny tilbygning, der elegant integrerer sig med husets oprindelige arkitektoniske stil. Ved at anvende materialer, der komplementerer det eksisterende byggeri, er den nye tilbygning blevet en naturlig del af villaens helhed.Tilbygningen omfatter et nyt sovev\u00e6relse med tilh\u00f8rende garderobe, et [&hellip;]<\/p>\n","protected":false},"author":1,"featured_media":0,"parent":0,"menu_order":0,"comment_status":"closed","ping_status":"closed","template":"","meta":{"_breakdance_hide_in_design_set":false,"_breakdance_tags":"","footnotes":""},"class_list":["post-211","page","type-page","status-publish","hentry"],"_links":{"self":[{"href":"https:\/\/arkmh.dk\/index.php\/wp-json\/wp\/v2\/pages\/211","targetHints":{"allow":["GET"]}}],"collection":[{"href":"https:\/\/arkmh.dk\/index.php\/wp-json\/wp\/v2\/pages"}],"about":[{"href":"https:\/\/arkmh.dk\/index.php\/wp-json\/wp\/v2\/types\/page"}],"author":[{"embeddable":true,"href":"https:\/\/arkmh.dk\/index.php\/wp-json\/wp\/v2\/users\/1"}],"replies":[{"embeddable":true,"href":"https:\/\/arkmh.dk\/index.php\/wp-json\/wp\/v2\/comments?post=211"}],"version-history":[{"count":13,"href":"https:\/\/arkmh.dk\/index.php\/wp-json\/wp\/v2\/pages\/211\/revisions"}],"predecessor-version":[{"id":491,"href":"https:\/\/arkmh.dk\/index.php\/wp-json\/wp\/v2\/pages\/211\/revisions\/491"}],"wp:attachment":[{"href":"https:\/\/arkmh.dk\/index.php\/wp-json\/wp\/v2\/media?parent=211"}],"curies":[{"name":"wp","href":"https:\/\/api.w.org\/{rel}","templated":true}]}}