{"id":119,"date":"2024-08-21T12:59:33","date_gmt":"2024-08-21T12:59:33","guid":{"rendered":"https:\/\/arkmh.dk\/?page_id=119"},"modified":"2024-08-29T13:36:02","modified_gmt":"2024-08-29T13:36:02","slug":"olv","status":"publish","type":"page","link":"https:\/\/arkmh.dk\/index.php\/olv\/","title":{"rendered":"OLV"},"content":{"rendered":"<section class=\"bde-section-119-128 bde-section\">\n  \n\t\n\n\n\n<div class=\"section-container\"><div class=\"bde-columns-119-129 bde-columns\"><div class=\"bde-column-119-130 bde-column\">\n  \n\t\n\n\n\n<div class=\"bde-rich-text-119-144 bde-rich-text breakdance-rich-text-styles\">\n<div class=\"info\"><h2>Olivenvej<\/h2><h1>Aalborg 2024<\/h1><p>\u00a0<\/p><p><strong>Til- og ombygning af murermestervilla fra 1924<\/strong><\/p><p>Denne murermestervilla fra 1924 har gennem \u00e5rene v\u00e6ret igennem flere til- og ombygninger, hvoraf de seneste inkluderer en tilbygning fra 2008 og en badev\u00e6relsesrenovering i 2016. Dog var villaens indretning blevet usammenh\u00e6ngende og rumfordelingen upraktisk.<\/p><p>M\u00e5let var derfor at skabe en mere sammenh\u00e6ngende bolig, samtidig med at der blev tilf\u00f8jet en ekstra etage p\u00e5 tilbygningen fra 2008. Dette blev opn\u00e5et ved at etablere et imponerende k\u00f8kkenrum med dobbelt lofth\u00f8jde, som nu fungerer som husets centrale samlingspunkt. Dette store, lyse rum fyldes med dagslys og forbinder husets forskellige omr\u00e5der p\u00e5 en naturlig m\u00e5de.<\/p><p>En ny trappe er blevet placeret centralt i boligen og f\u00f8rer op til f\u00f8rste sal, hvor der er tilf\u00f8jet for\u00e6ldreafdeling med badev\u00e6relse, walk-in garderobe og sovev\u00e6relse. I den oprindelige del af huset findes b\u00f8rnev\u00e6relserne og et badev\u00e6relse, forbundet via en gangbro, der sv\u00e6ver over k\u00f8kkenet og skaber en visuel kontakt mellem etagerne.<\/p><p>I stueetagen er der skabt st\u00f8rre sammenh\u00e6ng ved at \u00e5bne op mellem den gamle murermestervilla og den nye tilbygning, hvilket giver en mere sammenh\u00e6ngende planl\u00f8sning. Der er desuden arbejdet m\u00e5lrettet med at optimere dagslys og udsyn, s\u00e5 boligen nu fremst\u00e5r lys og indbydende. Resultatet er en gennemgribende modernisering, hvor boligens oprindelige arkitektur er blevet bevaret og fremh\u00e6vet med nye, funktionelle l\u00f8sninger.<\/p><\/div>\n<\/div>\n<\/div><div class=\"bde-column-119-132 bde-column\">\n  \n\t\n\n\n\n<div class=\"bde-image-119-133 bde-image\">\n<figure class=\"breakdance-image breakdance-image--62\">\n\t<div class=\"breakdance-image-container\">\n\t\t<div class=\"breakdance-image-clip\"><a class=\"breakdance-image-link breakdance-image-link--media\" href=\"https:\/\/arkmh.dk\/wp-content\/uploads\/2024\/08\/Sydvest-facade.jpg\" target=\"_self\" rel=\"noopener\" data-sub-html=\"\" data-lg-size=\"-\"><img loading=\"lazy\" decoding=\"async\" class=\"breakdance-image-object\" src=\"https:\/\/arkmh.dk\/wp-content\/uploads\/2024\/08\/Sydvest-facade.jpg\" width=\"1800\" height=\"1115\" srcset=\"https:\/\/arkmh.dk\/wp-content\/uploads\/2024\/08\/Sydvest-facade.jpg 1800w, https:\/\/arkmh.dk\/wp-content\/uploads\/2024\/08\/Sydvest-facade-300x186.jpg 300w, https:\/\/arkmh.dk\/wp-content\/uploads\/2024\/08\/Sydvest-facade-1024x634.jpg 1024w, https:\/\/arkmh.dk\/wp-content\/uploads\/2024\/08\/Sydvest-facade-768x476.jpg 768w, https:\/\/arkmh.dk\/wp-content\/uploads\/2024\/08\/Sydvest-facade-1536x951.jpg 1536w\" sizes=\"auto, (max-width: 1800px) 100vw, 1800px\"><\/a><\/div>\n\t<\/div><\/figure>\n\n<\/div>\n<\/div><\/div><\/div>\n<\/section><section class=\"bde-section-119-134 bde-section\">\n  \n\t\n\n\n\n<div class=\"section-container\"><div class=\"bde-columns-119-135 bde-columns\"><div class=\"bde-column-119-136 bde-column\">\n  \n\t\n\n\n\n\n<\/div><div class=\"bde-column-119-137 bde-column\">\n  \n\t\n\n\n\n<div class=\"bde-image-119-138 bde-image\">\n<figure class=\"breakdance-image breakdance-image--63\">\n\t<div class=\"breakdance-image-container\">\n\t\t<div class=\"breakdance-image-clip\"><a class=\"breakdance-image-link breakdance-image-link--media\" href=\"https:\/\/arkmh.dk\/wp-content\/uploads\/2024\/08\/Sydoest-facade.jpg\" target=\"_self\" rel=\"noopener\" data-sub-html=\"\" data-lg-size=\"-\"><img loading=\"lazy\" decoding=\"async\" class=\"breakdance-image-object\" src=\"https:\/\/arkmh.dk\/wp-content\/uploads\/2024\/08\/Sydoest-facade.jpg\" width=\"1800\" height=\"1115\" srcset=\"https:\/\/arkmh.dk\/wp-content\/uploads\/2024\/08\/Sydoest-facade.jpg 1800w, https:\/\/arkmh.dk\/wp-content\/uploads\/2024\/08\/Sydoest-facade-300x186.jpg 300w, https:\/\/arkmh.dk\/wp-content\/uploads\/2024\/08\/Sydoest-facade-1024x634.jpg 1024w, https:\/\/arkmh.dk\/wp-content\/uploads\/2024\/08\/Sydoest-facade-768x476.jpg 768w, https:\/\/arkmh.dk\/wp-content\/uploads\/2024\/08\/Sydoest-facade-1536x951.jpg 1536w\" sizes=\"auto, (max-width: 1800px) 100vw, 1800px\"><\/a><\/div>\n\t<\/div><\/figure>\n\n<\/div>\n<\/div><\/div><\/div>\n<\/section><section class=\"bde-section-119-139 bde-section\">\n  \n\t\n\n\n\n<div class=\"section-container\"><div class=\"bde-columns-119-140 bde-columns\"><div class=\"bde-column-119-141 bde-column\">\n  \n\t\n\n\n\n\n<\/div><div class=\"bde-column-119-142 bde-column\">\n  \n\t\n\n\n\n<div class=\"bde-image-119-143 bde-image\">\n<figure class=\"breakdance-image breakdance-image--55\">\n\t<div class=\"breakdance-image-container\">\n\t\t<div class=\"breakdance-image-clip\"><a class=\"breakdance-image-link breakdance-image-link--media\" href=\"https:\/\/arkmh.dk\/wp-content\/uploads\/2024\/08\/Gang-til-koekken.jpg\" target=\"_self\" rel=\"noopener\" data-sub-html=\"\" data-lg-size=\"-\"><img loading=\"lazy\" decoding=\"async\" class=\"breakdance-image-object\" src=\"https:\/\/arkmh.dk\/wp-content\/uploads\/2024\/08\/Gang-til-koekken.jpg\" width=\"1800\" height=\"1800\" srcset=\"https:\/\/arkmh.dk\/wp-content\/uploads\/2024\/08\/Gang-til-koekken.jpg 1800w, https:\/\/arkmh.dk\/wp-content\/uploads\/2024\/08\/Gang-til-koekken-300x300.jpg 300w, https:\/\/arkmh.dk\/wp-content\/uploads\/2024\/08\/Gang-til-koekken-1024x1024.jpg 1024w, https:\/\/arkmh.dk\/wp-content\/uploads\/2024\/08\/Gang-til-koekken-150x150.jpg 150w, https:\/\/arkmh.dk\/wp-content\/uploads\/2024\/08\/Gang-til-koekken-768x768.jpg 768w, https:\/\/arkmh.dk\/wp-content\/uploads\/2024\/08\/Gang-til-koekken-1536x1536.jpg 1536w\" sizes=\"auto, (max-width: 1800px) 100vw, 1800px\"><\/a><\/div>\n\t<\/div><\/figure>\n\n<\/div>\n<\/div><\/div><\/div>\n<\/section>","protected":false},"excerpt":{"rendered":"<p>OlivenvejAalborg 2024\u00a0Til- og ombygning af murermestervilla fra 1924Denne murermestervilla fra 1924 har gennem \u00e5rene v\u00e6ret igennem flere til- og ombygninger, hvoraf de seneste inkluderer en tilbygning fra 2008 og en badev\u00e6relsesrenovering i 2016. Dog var villaens indretning blevet usammenh\u00e6ngende og rumfordelingen upraktisk.M\u00e5let var derfor at skabe en mere sammenh\u00e6ngende bolig, samtidig med at der blev [&hellip;]<\/p>\n","protected":false},"author":1,"featured_media":0,"parent":0,"menu_order":0,"comment_status":"closed","ping_status":"closed","template":"","meta":{"_breakdance_hide_in_design_set":false,"_breakdance_tags":"","footnotes":""},"class_list":["post-119","page","type-page","status-publish","hentry"],"_links":{"self":[{"href":"https:\/\/arkmh.dk\/index.php\/wp-json\/wp\/v2\/pages\/119","targetHints":{"allow":["GET"]}}],"collection":[{"href":"https:\/\/arkmh.dk\/index.php\/wp-json\/wp\/v2\/pages"}],"about":[{"href":"https:\/\/arkmh.dk\/index.php\/wp-json\/wp\/v2\/types\/page"}],"author":[{"embeddable":true,"href":"https:\/\/arkmh.dk\/index.php\/wp-json\/wp\/v2\/users\/1"}],"replies":[{"embeddable":true,"href":"https:\/\/arkmh.dk\/index.php\/wp-json\/wp\/v2\/comments?post=119"}],"version-history":[{"count":23,"href":"https:\/\/arkmh.dk\/index.php\/wp-json\/wp\/v2\/pages\/119\/revisions"}],"predecessor-version":[{"id":292,"href":"https:\/\/arkmh.dk\/index.php\/wp-json\/wp\/v2\/pages\/119\/revisions\/292"}],"wp:attachment":[{"href":"https:\/\/arkmh.dk\/index.php\/wp-json\/wp\/v2\/media?parent=119"}],"curies":[{"name":"wp","href":"https:\/\/api.w.org\/{rel}","templated":true}]}}